{"id":4471,"date":"2021-12-22T10:23:10","date_gmt":"2021-12-22T07:23:10","guid":{"rendered":"https:\/\/provimes.com\/panneau-de-gestion-de-la-restauration\/"},"modified":"2022-03-23T08:57:58","modified_gmt":"2022-03-23T05:57:58","slug":"conseil-dadministration-de-la-restauration","status":"publish","type":"page","link":"https:\/\/provimes.com\/fr\/conseil-dadministration-de-la-restauration\/","title":{"rendered":"Conseil d'administration de la restauration"},"content":{"rendered":"","protected":false},"excerpt":{"rendered":"","protected":false},"author":6,"featured_media":0,"parent":0,"menu_order":0,"comment_status":"closed","ping_status":"closed","template":"","meta":[],"yoast_head":"<!-- This site is optimized with the Yoast SEO plugin v18.3 - https:\/\/yoast.com\/wordpress\/plugins\/seo\/ -->\n<title>Conseil d&#039;administration de la restauration - Provimes<\/title>\n<meta name=\"description\" content=\"Vous pouvez utiliser le logiciel de gestion de restauration avec des ordinateurs de bureau et des tablettes tactiles de toutes tailles avec les syst\u00e8mes d&#039;exploitation Android.\" \/>\n<meta name=\"robots\" content=\"index, follow, max-snippet:-1, max-image-preview:large, max-video-preview:-1\" \/>\n<link rel=\"canonical\" href=\"https:\/\/provimes.com\/fr\/conseil-dadministration-de-la-restauration\/\" \/>\n<meta property=\"og:locale\" content=\"fr_FR\" \/>\n<meta property=\"og:type\" content=\"article\" \/>\n<meta property=\"og:title\" content=\"Conseil d&#039;administration de la restauration - Provimes\" \/>\n<meta property=\"og:description\" content=\"Vous pouvez utiliser le logiciel de gestion de restauration avec des ordinateurs de bureau et des tablettes tactiles de toutes tailles avec les syst\u00e8mes d&#039;exploitation Android.\" \/>\n<meta property=\"og:url\" content=\"https:\/\/provimes.com\/fr\/conseil-dadministration-de-la-restauration\/\" \/>\n<meta property=\"og:site_name\" content=\"Provimes\" \/>\n<meta property=\"article:modified_time\" content=\"2022-03-23T05:57:58+00:00\" \/>\n<meta name=\"twitter:card\" content=\"summary_large_image\" \/>\n<script type=\"application\/ld+json\" class=\"yoast-schema-graph\">{\"@context\":\"https:\/\/schema.org\",\"@graph\":[{\"@type\":\"WebSite\",\"@id\":\"https:\/\/provimes.com\/fr\/#website\",\"url\":\"https:\/\/provimes.com\/fr\/\",\"name\":\"Provimes\",\"description\":\"Provimes&#039;in tecr\u00fcbesi ile KVKK\/GDPR uyumlu, Ziyaret\u00e7i &amp; Toplant\u0131 Y\u00f6netim Sistemi ile organizasyonlar\u0131n\u0131z\u0131 kolayca ve profesyonelce y\u00f6netin.\",\"potentialAction\":[{\"@type\":\"SearchAction\",\"target\":{\"@type\":\"EntryPoint\",\"urlTemplate\":\"https:\/\/provimes.com\/fr\/?s={search_term_string}\"},\"query-input\":\"required name=search_term_string\"}],\"inLanguage\":\"fr-FR\"},{\"@type\":\"WebPage\",\"@id\":\"https:\/\/provimes.com\/fr\/conseil-dadministration-de-la-restauration\/#webpage\",\"url\":\"https:\/\/provimes.com\/fr\/conseil-dadministration-de-la-restauration\/\",\"name\":\"Conseil d'administration de la restauration - Provimes\",\"isPartOf\":{\"@id\":\"https:\/\/provimes.com\/fr\/#website\"},\"datePublished\":\"2021-12-22T07:23:10+00:00\",\"dateModified\":\"2022-03-23T05:57:58+00:00\",\"description\":\"Vous pouvez utiliser le logiciel de gestion de restauration avec des ordinateurs de bureau et des tablettes tactiles de toutes tailles avec les syst\u00e8mes d'exploitation Android.\",\"breadcrumb\":{\"@id\":\"https:\/\/provimes.com\/fr\/conseil-dadministration-de-la-restauration\/#breadcrumb\"},\"inLanguage\":\"fr-FR\",\"potentialAction\":[{\"@type\":\"ReadAction\",\"target\":[\"https:\/\/provimes.com\/fr\/conseil-dadministration-de-la-restauration\/\"]}]},{\"@type\":\"BreadcrumbList\",\"@id\":\"https:\/\/provimes.com\/fr\/conseil-dadministration-de-la-restauration\/#breadcrumb\",\"itemListElement\":[{\"@type\":\"ListItem\",\"position\":1,\"name\":\"Ana sayfa\",\"item\":\"https:\/\/provimes.com\/fr\/\"},{\"@type\":\"ListItem\",\"position\":2,\"name\":\"Conseil d'administration de la restauration\"}]}]}<\/script>\n<!-- \/ Yoast SEO plugin. -->","yoast_head_json":{"title":"Conseil d'administration de la restauration - Provimes","description":"Vous pouvez utiliser le logiciel de gestion de restauration avec des ordinateurs de bureau et des tablettes tactiles de toutes tailles avec les syst\u00e8mes d'exploitation Android.","robots":{"index":"index","follow":"follow","max-snippet":"max-snippet:-1","max-image-preview":"max-image-preview:large","max-video-preview":"max-video-preview:-1"},"canonical":"https:\/\/provimes.com\/fr\/conseil-dadministration-de-la-restauration\/","og_locale":"fr_FR","og_type":"article","og_title":"Conseil d'administration de la restauration - Provimes","og_description":"Vous pouvez utiliser le logiciel de gestion de restauration avec des ordinateurs de bureau et des tablettes tactiles de toutes tailles avec les syst\u00e8mes d'exploitation Android.","og_url":"https:\/\/provimes.com\/fr\/conseil-dadministration-de-la-restauration\/","og_site_name":"Provimes","article_modified_time":"2022-03-23T05:57:58+00:00","twitter_card":"summary_large_image","schema":{"@context":"https:\/\/schema.org","@graph":[{"@type":"WebSite","@id":"https:\/\/provimes.com\/fr\/#website","url":"https:\/\/provimes.com\/fr\/","name":"Provimes","description":"Provimes&#039;in tecr\u00fcbesi ile KVKK\/GDPR uyumlu, Ziyaret\u00e7i &amp; Toplant\u0131 Y\u00f6netim Sistemi ile organizasyonlar\u0131n\u0131z\u0131 kolayca ve profesyonelce y\u00f6netin.","potentialAction":[{"@type":"SearchAction","target":{"@type":"EntryPoint","urlTemplate":"https:\/\/provimes.com\/fr\/?s={search_term_string}"},"query-input":"required name=search_term_string"}],"inLanguage":"fr-FR"},{"@type":"WebPage","@id":"https:\/\/provimes.com\/fr\/conseil-dadministration-de-la-restauration\/#webpage","url":"https:\/\/provimes.com\/fr\/conseil-dadministration-de-la-restauration\/","name":"Conseil d'administration de la restauration - Provimes","isPartOf":{"@id":"https:\/\/provimes.com\/fr\/#website"},"datePublished":"2021-12-22T07:23:10+00:00","dateModified":"2022-03-23T05:57:58+00:00","description":"Vous pouvez utiliser le logiciel de gestion de restauration avec des ordinateurs de bureau et des tablettes tactiles de toutes tailles avec les syst\u00e8mes d'exploitation Android.","breadcrumb":{"@id":"https:\/\/provimes.com\/fr\/conseil-dadministration-de-la-restauration\/#breadcrumb"},"inLanguage":"fr-FR","potentialAction":[{"@type":"ReadAction","target":["https:\/\/provimes.com\/fr\/conseil-dadministration-de-la-restauration\/"]}]},{"@type":"BreadcrumbList","@id":"https:\/\/provimes.com\/fr\/conseil-dadministration-de-la-restauration\/#breadcrumb","itemListElement":[{"@type":"ListItem","position":1,"name":"Ana sayfa","item":"https:\/\/provimes.com\/fr\/"},{"@type":"ListItem","position":2,"name":"Conseil d'administration de la restauration"}]}]}},"_links":{"self":[{"href":"https:\/\/provimes.com\/fr\/wp-json\/wp\/v2\/pages\/4471"}],"collection":[{"href":"https:\/\/provimes.com\/fr\/wp-json\/wp\/v2\/pages"}],"about":[{"href":"https:\/\/provimes.com\/fr\/wp-json\/wp\/v2\/types\/page"}],"author":[{"embeddable":true,"href":"https:\/\/provimes.com\/fr\/wp-json\/wp\/v2\/users\/6"}],"replies":[{"embeddable":true,"href":"https:\/\/provimes.com\/fr\/wp-json\/wp\/v2\/comments?post=4471"}],"version-history":[{"count":3,"href":"https:\/\/provimes.com\/fr\/wp-json\/wp\/v2\/pages\/4471\/revisions"}],"predecessor-version":[{"id":5107,"href":"https:\/\/provimes.com\/fr\/wp-json\/wp\/v2\/pages\/4471\/revisions\/5107"}],"wp:attachment":[{"href":"https:\/\/provimes.com\/fr\/wp-json\/wp\/v2\/media?parent=4471"}],"curies":[{"name":"wp","href":"https:\/\/api.w.org\/{rel}","templated":true}]}}