{"id":4308,"date":"2021-12-22T10:22:39","date_gmt":"2021-12-22T07:22:39","guid":{"rendered":"https:\/\/provimes.com\/one-assistant-numerique\/"},"modified":"2022-03-23T08:57:59","modified_gmt":"2022-03-23T05:57:59","slug":"assistant-virtuel-biri","status":"publish","type":"page","link":"https:\/\/provimes.com\/fr\/assistant-virtuel-biri\/","title":{"rendered":"L'assistant virtuel Biri"},"content":{"rendered":"","protected":false},"excerpt":{"rendered":"","protected":false},"author":6,"featured_media":0,"parent":0,"menu_order":0,"comment_status":"closed","ping_status":"closed","template":"","meta":[],"yoast_head":"<!-- This site is optimized with the Yoast SEO plugin v18.3 - https:\/\/yoast.com\/wordpress\/plugins\/seo\/ -->\n<title>Assistant de bureau et lieu de travail num\u00e9rique et virtuel &quot;Biri&quot; - Provimes<\/title>\n<meta name=\"description\" content=\"N&#039;oubliez rien dans votre flux de travail quotidien avec le syst\u00e8me de notification intelligent de l&#039;assistant num\u00e9rique &#039;Biri&#039; de Provimes.\" \/>\n<meta name=\"robots\" content=\"index, follow, max-snippet:-1, max-image-preview:large, max-video-preview:-1\" \/>\n<link rel=\"canonical\" href=\"https:\/\/provimes.com\/fr\/assistant-virtuel-biri\/\" \/>\n<meta property=\"og:locale\" content=\"fr_FR\" \/>\n<meta property=\"og:type\" content=\"article\" \/>\n<meta property=\"og:title\" content=\"Assistant de bureau et lieu de travail num\u00e9rique et virtuel &quot;Biri&quot; - Provimes\" \/>\n<meta property=\"og:description\" content=\"N&#039;oubliez rien dans votre flux de travail quotidien avec le syst\u00e8me de notification intelligent de l&#039;assistant num\u00e9rique &#039;Biri&#039; de Provimes.\" \/>\n<meta property=\"og:url\" content=\"https:\/\/provimes.com\/fr\/assistant-virtuel-biri\/\" \/>\n<meta property=\"og:site_name\" content=\"Provimes\" \/>\n<meta property=\"article:modified_time\" content=\"2022-03-23T05:57:59+00:00\" \/>\n<meta name=\"twitter:card\" content=\"summary_large_image\" \/>\n<script type=\"application\/ld+json\" class=\"yoast-schema-graph\">{\"@context\":\"https:\/\/schema.org\",\"@graph\":[{\"@type\":\"WebSite\",\"@id\":\"https:\/\/provimes.com\/fr\/#website\",\"url\":\"https:\/\/provimes.com\/fr\/\",\"name\":\"Provimes\",\"description\":\"Provimes&#039;in tecr\u00fcbesi ile KVKK\/GDPR uyumlu, Ziyaret\u00e7i &amp; Toplant\u0131 Y\u00f6netim Sistemi ile organizasyonlar\u0131n\u0131z\u0131 kolayca ve profesyonelce y\u00f6netin.\",\"potentialAction\":[{\"@type\":\"SearchAction\",\"target\":{\"@type\":\"EntryPoint\",\"urlTemplate\":\"https:\/\/provimes.com\/fr\/?s={search_term_string}\"},\"query-input\":\"required name=search_term_string\"}],\"inLanguage\":\"fr-FR\"},{\"@type\":\"WebPage\",\"@id\":\"https:\/\/provimes.com\/fr\/assistant-virtuel-biri\/#webpage\",\"url\":\"https:\/\/provimes.com\/fr\/assistant-virtuel-biri\/\",\"name\":\"Assistant de bureau et lieu de travail num\u00e9rique et virtuel \\\"Biri\\\" - Provimes\",\"isPartOf\":{\"@id\":\"https:\/\/provimes.com\/fr\/#website\"},\"datePublished\":\"2021-12-22T07:22:39+00:00\",\"dateModified\":\"2022-03-23T05:57:59+00:00\",\"description\":\"N'oubliez rien dans votre flux de travail quotidien avec le syst\u00e8me de notification intelligent de l'assistant num\u00e9rique 'Biri' de Provimes.\",\"breadcrumb\":{\"@id\":\"https:\/\/provimes.com\/fr\/assistant-virtuel-biri\/#breadcrumb\"},\"inLanguage\":\"fr-FR\",\"potentialAction\":[{\"@type\":\"ReadAction\",\"target\":[\"https:\/\/provimes.com\/fr\/assistant-virtuel-biri\/\"]}]},{\"@type\":\"BreadcrumbList\",\"@id\":\"https:\/\/provimes.com\/fr\/assistant-virtuel-biri\/#breadcrumb\",\"itemListElement\":[{\"@type\":\"ListItem\",\"position\":1,\"name\":\"Ana sayfa\",\"item\":\"https:\/\/provimes.com\/fr\/\"},{\"@type\":\"ListItem\",\"position\":2,\"name\":\"L'assistant virtuel Biri\"}]}]}<\/script>\n<!-- \/ Yoast SEO plugin. -->","yoast_head_json":{"title":"Assistant de bureau et lieu de travail num\u00e9rique et virtuel \"Biri\" - Provimes","description":"N'oubliez rien dans votre flux de travail quotidien avec le syst\u00e8me de notification intelligent de l'assistant num\u00e9rique 'Biri' de Provimes.","robots":{"index":"index","follow":"follow","max-snippet":"max-snippet:-1","max-image-preview":"max-image-preview:large","max-video-preview":"max-video-preview:-1"},"canonical":"https:\/\/provimes.com\/fr\/assistant-virtuel-biri\/","og_locale":"fr_FR","og_type":"article","og_title":"Assistant de bureau et lieu de travail num\u00e9rique et virtuel \"Biri\" - Provimes","og_description":"N'oubliez rien dans votre flux de travail quotidien avec le syst\u00e8me de notification intelligent de l'assistant num\u00e9rique 'Biri' de Provimes.","og_url":"https:\/\/provimes.com\/fr\/assistant-virtuel-biri\/","og_site_name":"Provimes","article_modified_time":"2022-03-23T05:57:59+00:00","twitter_card":"summary_large_image","schema":{"@context":"https:\/\/schema.org","@graph":[{"@type":"WebSite","@id":"https:\/\/provimes.com\/fr\/#website","url":"https:\/\/provimes.com\/fr\/","name":"Provimes","description":"Provimes&#039;in tecr\u00fcbesi ile KVKK\/GDPR uyumlu, Ziyaret\u00e7i &amp; Toplant\u0131 Y\u00f6netim Sistemi ile organizasyonlar\u0131n\u0131z\u0131 kolayca ve profesyonelce y\u00f6netin.","potentialAction":[{"@type":"SearchAction","target":{"@type":"EntryPoint","urlTemplate":"https:\/\/provimes.com\/fr\/?s={search_term_string}"},"query-input":"required name=search_term_string"}],"inLanguage":"fr-FR"},{"@type":"WebPage","@id":"https:\/\/provimes.com\/fr\/assistant-virtuel-biri\/#webpage","url":"https:\/\/provimes.com\/fr\/assistant-virtuel-biri\/","name":"Assistant de bureau et lieu de travail num\u00e9rique et virtuel \"Biri\" - Provimes","isPartOf":{"@id":"https:\/\/provimes.com\/fr\/#website"},"datePublished":"2021-12-22T07:22:39+00:00","dateModified":"2022-03-23T05:57:59+00:00","description":"N'oubliez rien dans votre flux de travail quotidien avec le syst\u00e8me de notification intelligent de l'assistant num\u00e9rique 'Biri' de Provimes.","breadcrumb":{"@id":"https:\/\/provimes.com\/fr\/assistant-virtuel-biri\/#breadcrumb"},"inLanguage":"fr-FR","potentialAction":[{"@type":"ReadAction","target":["https:\/\/provimes.com\/fr\/assistant-virtuel-biri\/"]}]},{"@type":"BreadcrumbList","@id":"https:\/\/provimes.com\/fr\/assistant-virtuel-biri\/#breadcrumb","itemListElement":[{"@type":"ListItem","position":1,"name":"Ana sayfa","item":"https:\/\/provimes.com\/fr\/"},{"@type":"ListItem","position":2,"name":"L'assistant virtuel Biri"}]}]}},"_links":{"self":[{"href":"https:\/\/provimes.com\/fr\/wp-json\/wp\/v2\/pages\/4308"}],"collection":[{"href":"https:\/\/provimes.com\/fr\/wp-json\/wp\/v2\/pages"}],"about":[{"href":"https:\/\/provimes.com\/fr\/wp-json\/wp\/v2\/types\/page"}],"author":[{"embeddable":true,"href":"https:\/\/provimes.com\/fr\/wp-json\/wp\/v2\/users\/6"}],"replies":[{"embeddable":true,"href":"https:\/\/provimes.com\/fr\/wp-json\/wp\/v2\/comments?post=4308"}],"version-history":[{"count":3,"href":"https:\/\/provimes.com\/fr\/wp-json\/wp\/v2\/pages\/4308\/revisions"}],"predecessor-version":[{"id":5027,"href":"https:\/\/provimes.com\/fr\/wp-json\/wp\/v2\/pages\/4308\/revisions\/5027"}],"wp:attachment":[{"href":"https:\/\/provimes.com\/fr\/wp-json\/wp\/v2\/media?parent=4308"}],"curies":[{"name":"wp","href":"https:\/\/api.w.org\/{rel}","templated":true}]}}