{"id":4307,"date":"2021-12-22T10:22:39","date_gmt":"2021-12-22T07:22:39","guid":{"rendered":"https:\/\/provimes.com\/privacy-policy\/"},"modified":"2022-02-01T13:11:17","modified_gmt":"2022-02-01T10:11:17","slug":"privacy-policy","status":"publish","type":"page","link":"https:\/\/provimes.com\/en\/privacy-policy\/","title":{"rendered":"Privacy Policy"},"content":{"rendered":"","protected":false},"excerpt":{"rendered":"","protected":false},"author":6,"featured_media":0,"parent":0,"menu_order":0,"comment_status":"closed","ping_status":"closed","template":"","meta":[],"yoast_head":"<!-- This site is optimized with the Yoast SEO plugin v18.3 - https:\/\/yoast.com\/wordpress\/plugins\/seo\/ -->\n<title>Privacy Policy - Provimes<\/title>\n<meta name=\"description\" content=\"The Content uploaded to Provimes by the User is the property of the User. The Company may not disclose or sell this Content without the User&#039;s prior consent.\" \/>\n<meta name=\"robots\" content=\"index, follow, max-snippet:-1, max-image-preview:large, max-video-preview:-1\" \/>\n<link rel=\"canonical\" href=\"https:\/\/provimes.com\/en\/privacy-policy\/\" \/>\n<meta property=\"og:locale\" content=\"en_US\" \/>\n<meta property=\"og:type\" content=\"article\" \/>\n<meta property=\"og:title\" content=\"Privacy Policy - Provimes\" \/>\n<meta property=\"og:description\" content=\"The Content uploaded to Provimes by the User is the property of the User. The Company may not disclose or sell this Content without the User&#039;s prior consent.\" \/>\n<meta property=\"og:url\" content=\"https:\/\/provimes.com\/en\/privacy-policy\/\" \/>\n<meta property=\"og:site_name\" content=\"Provimes\" \/>\n<meta property=\"article:modified_time\" content=\"2022-02-01T10:11:17+00:00\" \/>\n<meta name=\"twitter:card\" content=\"summary_large_image\" \/>\n<script type=\"application\/ld+json\" class=\"yoast-schema-graph\">{\"@context\":\"https:\/\/schema.org\",\"@graph\":[{\"@type\":\"WebSite\",\"@id\":\"https:\/\/provimes.com\/en\/#website\",\"url\":\"https:\/\/provimes.com\/en\/\",\"name\":\"Provimes\",\"description\":\"Provimes&#039;in tecr\u00fcbesi ile KVKK\/GDPR uyumlu, Ziyaret\u00e7i &amp; Toplant\u0131 Y\u00f6netim Sistemi ile organizasyonlar\u0131n\u0131z\u0131 kolayca ve profesyonelce y\u00f6netin.\",\"potentialAction\":[{\"@type\":\"SearchAction\",\"target\":{\"@type\":\"EntryPoint\",\"urlTemplate\":\"https:\/\/provimes.com\/en\/?s={search_term_string}\"},\"query-input\":\"required name=search_term_string\"}],\"inLanguage\":\"en-US\"},{\"@type\":\"WebPage\",\"@id\":\"https:\/\/provimes.com\/en\/privacy-policy\/#webpage\",\"url\":\"https:\/\/provimes.com\/en\/privacy-policy\/\",\"name\":\"Privacy Policy - Provimes\",\"isPartOf\":{\"@id\":\"https:\/\/provimes.com\/en\/#website\"},\"datePublished\":\"2021-12-22T07:22:39+00:00\",\"dateModified\":\"2022-02-01T10:11:17+00:00\",\"description\":\"The Content uploaded to Provimes by the User is the property of the User. The Company may not disclose or sell this Content without the User's prior consent.\",\"breadcrumb\":{\"@id\":\"https:\/\/provimes.com\/en\/privacy-policy\/#breadcrumb\"},\"inLanguage\":\"en-US\",\"potentialAction\":[{\"@type\":\"ReadAction\",\"target\":[\"https:\/\/provimes.com\/en\/privacy-policy\/\"]}]},{\"@type\":\"BreadcrumbList\",\"@id\":\"https:\/\/provimes.com\/en\/privacy-policy\/#breadcrumb\",\"itemListElement\":[{\"@type\":\"ListItem\",\"position\":1,\"name\":\"Ana sayfa\",\"item\":\"https:\/\/provimes.com\/en\/\"},{\"@type\":\"ListItem\",\"position\":2,\"name\":\"Privacy Policy\"}]}]}<\/script>\n<!-- \/ Yoast SEO plugin. -->","yoast_head_json":{"title":"Privacy Policy - Provimes","description":"The Content uploaded to Provimes by the User is the property of the User. The Company may not disclose or sell this Content without the User's prior consent.","robots":{"index":"index","follow":"follow","max-snippet":"max-snippet:-1","max-image-preview":"max-image-preview:large","max-video-preview":"max-video-preview:-1"},"canonical":"https:\/\/provimes.com\/en\/privacy-policy\/","og_locale":"en_US","og_type":"article","og_title":"Privacy Policy - Provimes","og_description":"The Content uploaded to Provimes by the User is the property of the User. The Company may not disclose or sell this Content without the User's prior consent.","og_url":"https:\/\/provimes.com\/en\/privacy-policy\/","og_site_name":"Provimes","article_modified_time":"2022-02-01T10:11:17+00:00","twitter_card":"summary_large_image","schema":{"@context":"https:\/\/schema.org","@graph":[{"@type":"WebSite","@id":"https:\/\/provimes.com\/en\/#website","url":"https:\/\/provimes.com\/en\/","name":"Provimes","description":"Provimes&#039;in tecr\u00fcbesi ile KVKK\/GDPR uyumlu, Ziyaret\u00e7i &amp; Toplant\u0131 Y\u00f6netim Sistemi ile organizasyonlar\u0131n\u0131z\u0131 kolayca ve profesyonelce y\u00f6netin.","potentialAction":[{"@type":"SearchAction","target":{"@type":"EntryPoint","urlTemplate":"https:\/\/provimes.com\/en\/?s={search_term_string}"},"query-input":"required name=search_term_string"}],"inLanguage":"en-US"},{"@type":"WebPage","@id":"https:\/\/provimes.com\/en\/privacy-policy\/#webpage","url":"https:\/\/provimes.com\/en\/privacy-policy\/","name":"Privacy Policy - Provimes","isPartOf":{"@id":"https:\/\/provimes.com\/en\/#website"},"datePublished":"2021-12-22T07:22:39+00:00","dateModified":"2022-02-01T10:11:17+00:00","description":"The Content uploaded to Provimes by the User is the property of the User. The Company may not disclose or sell this Content without the User's prior consent.","breadcrumb":{"@id":"https:\/\/provimes.com\/en\/privacy-policy\/#breadcrumb"},"inLanguage":"en-US","potentialAction":[{"@type":"ReadAction","target":["https:\/\/provimes.com\/en\/privacy-policy\/"]}]},{"@type":"BreadcrumbList","@id":"https:\/\/provimes.com\/en\/privacy-policy\/#breadcrumb","itemListElement":[{"@type":"ListItem","position":1,"name":"Ana sayfa","item":"https:\/\/provimes.com\/en\/"},{"@type":"ListItem","position":2,"name":"Privacy Policy"}]}]}},"_links":{"self":[{"href":"https:\/\/provimes.com\/en\/wp-json\/wp\/v2\/pages\/4307"}],"collection":[{"href":"https:\/\/provimes.com\/en\/wp-json\/wp\/v2\/pages"}],"about":[{"href":"https:\/\/provimes.com\/en\/wp-json\/wp\/v2\/types\/page"}],"author":[{"embeddable":true,"href":"https:\/\/provimes.com\/en\/wp-json\/wp\/v2\/users\/6"}],"replies":[{"embeddable":true,"href":"https:\/\/provimes.com\/en\/wp-json\/wp\/v2\/comments?post=4307"}],"version-history":[{"count":1,"href":"https:\/\/provimes.com\/en\/wp-json\/wp\/v2\/pages\/4307\/revisions"}],"predecessor-version":[{"id":4309,"href":"https:\/\/provimes.com\/en\/wp-json\/wp\/v2\/pages\/4307\/revisions\/4309"}],"wp:attachment":[{"href":"https:\/\/provimes.com\/en\/wp-json\/wp\/v2\/media?parent=4307"}],"curies":[{"name":"wp","href":"https:\/\/api.w.org\/{rel}","templated":true}]}}